{"id":226,"date":"2023-01-03T00:43:49","date_gmt":"2023-01-03T00:43:49","guid":{"rendered":"http:\/\/enisecaferestaurant.com\/?post_type=product&#038;p=226"},"modified":"2024-01-01T02:37:37","modified_gmt":"2024-01-01T02:37:37","slug":"pasta-cesitleri-porsiyon","status":"publish","type":"product","link":"https:\/\/enisecaferestaurant.com\/index.php\/urun\/pasta-cesitleri-porsiyon\/","title":{"rendered":"PASTA \u00c7E\u015e\u0130TLER\u0130 \/ PORS\u0130YON"},"content":{"rendered":"","protected":false},"excerpt":{"rendered":"<p>Antep F\u0131st\u0131kl\u0131, Kar\u0131\u015f\u0131k Meyveli, Par\u00e7a \u00c7ikolatal\u0131, Orman Meyveli Beyaz \u00c7ikolatal\u0131, Orman Meyveli Beyaz \u00c7ikolatal\u0131, \u0130biza(\u00e7ilek\/muz), Magnolya(\u00e7ilek\/muz), <a class=\"wfs-food-item-title\" data-search-term=\"profi\u0307terol \/ supangle\">Profiterol, Supangle, Mozaik, Malaga<\/a>\u00a0vb.<\/p>\n","protected":false},"featured_media":520,"comment_status":"open","ping_status":"closed","template":"","meta":[],"product_brand":[],"product_cat":[30],"product_tag":[],"class_list":{"0":"post-226","1":"product","2":"type-product","3":"status-publish","4":"has-post-thumbnail","6":"product_cat-tatlilar","8":"first","9":"instock","10":"shipping-taxable","11":"purchasable","12":"product-type-simple"},"_links":{"self":[{"href":"https:\/\/enisecaferestaurant.com\/index.php\/wp-json\/wp\/v2\/product\/226","targetHints":{"allow":["GET"]}}],"collection":[{"href":"https:\/\/enisecaferestaurant.com\/index.php\/wp-json\/wp\/v2\/product"}],"about":[{"href":"https:\/\/enisecaferestaurant.com\/index.php\/wp-json\/wp\/v2\/types\/product"}],"replies":[{"embeddable":true,"href":"https:\/\/enisecaferestaurant.com\/index.php\/wp-json\/wp\/v2\/comments?post=226"}],"wp:featuredmedia":[{"embeddable":true,"href":"https:\/\/enisecaferestaurant.com\/index.php\/wp-json\/wp\/v2\/media\/520"}],"wp:attachment":[{"href":"https:\/\/enisecaferestaurant.com\/index.php\/wp-json\/wp\/v2\/media?parent=226"}],"wp:term":[{"taxonomy":"product_brand","embeddable":true,"href":"https:\/\/enisecaferestaurant.com\/index.php\/wp-json\/wp\/v2\/product_brand?post=226"},{"taxonomy":"product_cat","embeddable":true,"href":"https:\/\/enisecaferestaurant.com\/index.php\/wp-json\/wp\/v2\/product_cat?post=226"},{"taxonomy":"product_tag","embeddable":true,"href":"https:\/\/enisecaferestaurant.com\/index.php\/wp-json\/wp\/v2\/product_tag?post=226"}],"curies":[{"name":"wp","href":"https:\/\/api.w.org\/{rel}","templated":true}]}}