{"id":212,"date":"2023-01-03T00:34:03","date_gmt":"2023-01-03T00:34:03","guid":{"rendered":"http:\/\/enisecaferestaurant.com\/?post_type=product&#038;p=212"},"modified":"2023-12-31T23:09:01","modified_gmt":"2023-12-31T23:09:01","slug":"pideli-kofte","status":"publish","type":"product","link":"https:\/\/enisecaferestaurant.com\/index.php\/urun\/pideli-kofte\/","title":{"rendered":"P\u0130DEL\u0130 K\u00d6FTE"},"content":{"rendered":"","protected":false},"excerpt":{"rendered":"<p><span class=\"S1PPyQ\">T\u0131rnakl\u0131 Pide, Izgara K\u00f6fte, Tereya\u011f, Domates Sos Ve Yo\u011furt \u0130le<\/span><\/p>\n","protected":false},"featured_media":439,"comment_status":"open","ping_status":"closed","template":"","meta":[],"product_brand":[],"product_cat":[29],"product_tag":[],"class_list":{"0":"post-212","1":"product","2":"type-product","3":"status-publish","4":"has-post-thumbnail","6":"product_cat-et-yemekleri","8":"first","9":"instock","10":"shipping-taxable","11":"purchasable","12":"product-type-simple"},"_links":{"self":[{"href":"https:\/\/enisecaferestaurant.com\/index.php\/wp-json\/wp\/v2\/product\/212","targetHints":{"allow":["GET"]}}],"collection":[{"href":"https:\/\/enisecaferestaurant.com\/index.php\/wp-json\/wp\/v2\/product"}],"about":[{"href":"https:\/\/enisecaferestaurant.com\/index.php\/wp-json\/wp\/v2\/types\/product"}],"replies":[{"embeddable":true,"href":"https:\/\/enisecaferestaurant.com\/index.php\/wp-json\/wp\/v2\/comments?post=212"}],"wp:featuredmedia":[{"embeddable":true,"href":"https:\/\/enisecaferestaurant.com\/index.php\/wp-json\/wp\/v2\/media\/439"}],"wp:attachment":[{"href":"https:\/\/enisecaferestaurant.com\/index.php\/wp-json\/wp\/v2\/media?parent=212"}],"wp:term":[{"taxonomy":"product_brand","embeddable":true,"href":"https:\/\/enisecaferestaurant.com\/index.php\/wp-json\/wp\/v2\/product_brand?post=212"},{"taxonomy":"product_cat","embeddable":true,"href":"https:\/\/enisecaferestaurant.com\/index.php\/wp-json\/wp\/v2\/product_cat?post=212"},{"taxonomy":"product_tag","embeddable":true,"href":"https:\/\/enisecaferestaurant.com\/index.php\/wp-json\/wp\/v2\/product_tag?post=212"}],"curies":[{"name":"wp","href":"https:\/\/api.w.org\/{rel}","templated":true}]}}