{"id":158,"date":"2023-01-29T00:00:29","date_gmt":"2023-01-29T00:00:29","guid":{"rendered":"http:\/\/enisecaferestaurant.com\/?post_type=product&#038;p=158"},"modified":"2024-01-01T12:10:58","modified_gmt":"2024-01-01T12:10:58","slug":"zengin-kahvalti","status":"publish","type":"product","link":"https:\/\/enisecaferestaurant.com\/index.php\/urun\/zengin-kahvalti\/","title":{"rendered":"ZENG\u0130N KAHVALTI"},"content":{"rendered":"","protected":false},"excerpt":{"rendered":"<p><span class=\"S1PPyQ\">Beyaz Peynir, Ka\u015far Peynir, \u00c7e\u00e7il Peynir, Ye\u015fillik, Domates, Salatal\u0131k,\u00a0 Zeytin, Dana Jambon, Ha\u015flanm\u0131\u015f Yumurta, Bal, Tereya\u011f, Re\u00e7el, Nutella, Sosis, Patates K\u0131zartmas\u0131, Su B\u00f6re\u011fi, Sigara B\u00f6re\u011fi (3 Bardak \u00c7ay \u0130le)<\/span><\/p>\n","protected":false},"featured_media":396,"comment_status":"open","ping_status":"closed","template":"","meta":[],"product_brand":[],"product_cat":[19],"product_tag":[],"class_list":{"0":"post-158","1":"product","2":"type-product","3":"status-publish","4":"has-post-thumbnail","6":"product_cat-kahvaltilar","8":"first","9":"instock","10":"shipping-taxable","11":"purchasable","12":"product-type-simple"},"_links":{"self":[{"href":"https:\/\/enisecaferestaurant.com\/index.php\/wp-json\/wp\/v2\/product\/158","targetHints":{"allow":["GET"]}}],"collection":[{"href":"https:\/\/enisecaferestaurant.com\/index.php\/wp-json\/wp\/v2\/product"}],"about":[{"href":"https:\/\/enisecaferestaurant.com\/index.php\/wp-json\/wp\/v2\/types\/product"}],"replies":[{"embeddable":true,"href":"https:\/\/enisecaferestaurant.com\/index.php\/wp-json\/wp\/v2\/comments?post=158"}],"wp:featuredmedia":[{"embeddable":true,"href":"https:\/\/enisecaferestaurant.com\/index.php\/wp-json\/wp\/v2\/media\/396"}],"wp:attachment":[{"href":"https:\/\/enisecaferestaurant.com\/index.php\/wp-json\/wp\/v2\/media?parent=158"}],"wp:term":[{"taxonomy":"product_brand","embeddable":true,"href":"https:\/\/enisecaferestaurant.com\/index.php\/wp-json\/wp\/v2\/product_brand?post=158"},{"taxonomy":"product_cat","embeddable":true,"href":"https:\/\/enisecaferestaurant.com\/index.php\/wp-json\/wp\/v2\/product_cat?post=158"},{"taxonomy":"product_tag","embeddable":true,"href":"https:\/\/enisecaferestaurant.com\/index.php\/wp-json\/wp\/v2\/product_tag?post=158"}],"curies":[{"name":"wp","href":"https:\/\/api.w.org\/{rel}","templated":true}]}}