{"id":1065,"date":"2023-01-01T00:00:32","date_gmt":"2023-01-01T00:00:32","guid":{"rendered":"https:\/\/enisecaferestaurant.com\/?post_type=product&#038;p=1065"},"modified":"2024-01-01T10:39:30","modified_gmt":"2024-01-01T10:39:30","slug":"selanik-sandvic","status":"publish","type":"product","link":"https:\/\/enisecaferestaurant.com\/index.php\/urun\/selanik-sandvic\/","title":{"rendered":"SELAN\u0130K SANDV\u0130\u00c7"},"content":{"rendered":"","protected":false},"excerpt":{"rendered":"<p>Ezine Peynir, Zeytin, Domates, Salatal\u0131k, Kekikli Zeytinya\u011f\u0131 ile.<\/p>\n","protected":false},"featured_media":1234,"comment_status":"open","ping_status":"closed","template":"","meta":[],"product_brand":[],"product_cat":[46],"product_tag":[],"class_list":{"0":"post-1065","1":"product","2":"type-product","3":"status-publish","4":"has-post-thumbnail","6":"product_cat-sandvicler","8":"first","9":"instock","10":"shipping-taxable","11":"purchasable","12":"product-type-simple"},"_links":{"self":[{"href":"https:\/\/enisecaferestaurant.com\/index.php\/wp-json\/wp\/v2\/product\/1065","targetHints":{"allow":["GET"]}}],"collection":[{"href":"https:\/\/enisecaferestaurant.com\/index.php\/wp-json\/wp\/v2\/product"}],"about":[{"href":"https:\/\/enisecaferestaurant.com\/index.php\/wp-json\/wp\/v2\/types\/product"}],"replies":[{"embeddable":true,"href":"https:\/\/enisecaferestaurant.com\/index.php\/wp-json\/wp\/v2\/comments?post=1065"}],"wp:featuredmedia":[{"embeddable":true,"href":"https:\/\/enisecaferestaurant.com\/index.php\/wp-json\/wp\/v2\/media\/1234"}],"wp:attachment":[{"href":"https:\/\/enisecaferestaurant.com\/index.php\/wp-json\/wp\/v2\/media?parent=1065"}],"wp:term":[{"taxonomy":"product_brand","embeddable":true,"href":"https:\/\/enisecaferestaurant.com\/index.php\/wp-json\/wp\/v2\/product_brand?post=1065"},{"taxonomy":"product_cat","embeddable":true,"href":"https:\/\/enisecaferestaurant.com\/index.php\/wp-json\/wp\/v2\/product_cat?post=1065"},{"taxonomy":"product_tag","embeddable":true,"href":"https:\/\/enisecaferestaurant.com\/index.php\/wp-json\/wp\/v2\/product_tag?post=1065"}],"curies":[{"name":"wp","href":"https:\/\/api.w.org\/{rel}","templated":true}]}}