{"id":1064,"date":"2023-01-01T00:00:47","date_gmt":"2023-01-01T00:00:47","guid":{"rendered":"https:\/\/enisecaferestaurant.com\/?post_type=product&#038;p=1064"},"modified":"2024-01-01T10:54:12","modified_gmt":"2024-01-01T10:54:12","slug":"kavurmali-sandvic","status":"publish","type":"product","link":"https:\/\/enisecaferestaurant.com\/index.php\/urun\/kavurmali-sandvic\/","title":{"rendered":"KAVURMALI SANDV\u0130\u00c7"},"content":{"rendered":"","protected":false},"excerpt":{"rendered":"<p>Ka\u015far, Kavurma, K\u0131rm\u0131z\u0131 Biber Domates, Salatal\u0131k<\/p>\n","protected":false},"featured_media":1232,"comment_status":"open","ping_status":"closed","template":"","meta":[],"product_brand":[],"product_cat":[46],"product_tag":[],"class_list":{"0":"post-1064","1":"product","2":"type-product","3":"status-publish","4":"has-post-thumbnail","6":"product_cat-sandvicler","8":"first","9":"instock","10":"shipping-taxable","11":"purchasable","12":"product-type-simple"},"_links":{"self":[{"href":"https:\/\/enisecaferestaurant.com\/index.php\/wp-json\/wp\/v2\/product\/1064","targetHints":{"allow":["GET"]}}],"collection":[{"href":"https:\/\/enisecaferestaurant.com\/index.php\/wp-json\/wp\/v2\/product"}],"about":[{"href":"https:\/\/enisecaferestaurant.com\/index.php\/wp-json\/wp\/v2\/types\/product"}],"replies":[{"embeddable":true,"href":"https:\/\/enisecaferestaurant.com\/index.php\/wp-json\/wp\/v2\/comments?post=1064"}],"wp:featuredmedia":[{"embeddable":true,"href":"https:\/\/enisecaferestaurant.com\/index.php\/wp-json\/wp\/v2\/media\/1232"}],"wp:attachment":[{"href":"https:\/\/enisecaferestaurant.com\/index.php\/wp-json\/wp\/v2\/media?parent=1064"}],"wp:term":[{"taxonomy":"product_brand","embeddable":true,"href":"https:\/\/enisecaferestaurant.com\/index.php\/wp-json\/wp\/v2\/product_brand?post=1064"},{"taxonomy":"product_cat","embeddable":true,"href":"https:\/\/enisecaferestaurant.com\/index.php\/wp-json\/wp\/v2\/product_cat?post=1064"},{"taxonomy":"product_tag","embeddable":true,"href":"https:\/\/enisecaferestaurant.com\/index.php\/wp-json\/wp\/v2\/product_tag?post=1064"}],"curies":[{"name":"wp","href":"https:\/\/api.w.org\/{rel}","templated":true}]}}